{"id":313,"date":"2025-01-08T08:20:46","date_gmt":"2025-01-08T08:20:46","guid":{"rendered":"https:\/\/ogamicollection.com\/?page_id=313"},"modified":"2025-06-30T09:57:18","modified_gmt":"2025-06-30T09:57:18","slug":"about","status":"publish","type":"page","link":"https:\/\/ogamicollection.com\/it\/about\/","title":{"rendered":"Chi siamo"},"content":{"rendered":"<div data-elementor-type=\"wp-page\" data-elementor-id=\"313\" class=\"elementor elementor-313\" data-elementor-post-type=\"page\">\n\t\t\t\t<div class=\"elementor-element elementor-element-b06dc41 e-con-full hero e-flex e-con e-parent\" data-id=\"b06dc41\" data-element_type=\"container\" data-settings=\"{&quot;background_background&quot;:&quot;classic&quot;,&quot;background_motion_fx_motion_fx_scrolling&quot;:&quot;yes&quot;,&quot;background_motion_fx_scale_effect&quot;:&quot;yes&quot;,&quot;background_motion_fx_scale_direction&quot;:&quot;in-out-in&quot;,&quot;background_motion_fx_scale_speed&quot;:{&quot;unit&quot;:&quot;px&quot;,&quot;size&quot;:6,&quot;sizes&quot;:[]},&quot;background_motion_fx_scale_range&quot;:{&quot;unit&quot;:&quot;%&quot;,&quot;size&quot;:&quot;&quot;,&quot;sizes&quot;:{&quot;start&quot;:48,&quot;end&quot;:100}},&quot;background_motion_fx_devices&quot;:[&quot;widescreen&quot;,&quot;desktop&quot;,&quot;laptop&quot;,&quot;tablet_extra&quot;,&quot;tablet&quot;,&quot;mobile_extra&quot;]}\">\n\t\t<div class=\"elementor-element elementor-element-c44c31d e-con-full e-flex e-con e-child\" data-id=\"c44c31d\" data-element_type=\"container\">\n\t\t\t\t<div class=\"elementor-element elementor-element-954acfc elementor-widget__width-initial elementor-widget-laptop__width-initial elementor-widget-tablet_extra__width-initial elementor-widget elementor-widget-heading\" data-id=\"954acfc\" data-element_type=\"widget\" data-widget_type=\"heading.default\">\n\t\t\t\t<div class=\"elementor-widget-container\">\n\t\t\t\t\t<h1 class=\"elementor-heading-title elementor-size-default\">COLLEZIONE OGAMI<\/h1>\t\t\t\t<\/div>\n\t\t\t\t<\/div>\n\t\t\t\t<\/div>\n\t\t<div class=\"elementor-element elementor-element-8289f3a e-con-full elementor-hidden-mobile e-flex e-con e-child\" data-id=\"8289f3a\" data-element_type=\"container\">\n\t\t\t\t<\/div>\n\t\t\t\t<\/div>\n\t\t<div class=\"elementor-element elementor-element-7f92e19 e-con-full e-flex e-con e-parent\" data-id=\"7f92e19\" data-element_type=\"container\">\n\t\t<div class=\"elementor-element elementor-element-f436da0 e-con-full e-flex e-con e-child\" data-id=\"f436da0\" data-element_type=\"container\" data-settings=\"{&quot;background_background&quot;:&quot;classic&quot;}\">\n\t\t\t\t<div class=\"elementor-element elementor-element-ae259a4 elementor-widget elementor-widget-spacer\" data-id=\"ae259a4\" data-element_type=\"widget\" data-widget_type=\"spacer.default\">\n\t\t\t\t<div class=\"elementor-widget-container\">\n\t\t\t\t\t\t\t<div class=\"elementor-spacer\">\n\t\t\t<div class=\"elementor-spacer-inner\"><\/div>\n\t\t<\/div>\n\t\t\t\t\t\t<\/div>\n\t\t\t\t<\/div>\n\t\t\t\t<\/div>\n\t\t<div class=\"elementor-element elementor-element-473f37f e-con-full e-flex e-con e-child\" data-id=\"473f37f\" data-element_type=\"container\" data-settings=\"{&quot;background_background&quot;:&quot;classic&quot;}\">\n\t\t\t\t<div class=\"elementor-element elementor-element-8ebfad6 elementor-widget elementor-widget-heading\" data-id=\"8ebfad6\" data-element_type=\"widget\" data-widget_type=\"heading.default\">\n\t\t\t\t<div class=\"elementor-widget-container\">\n\t\t\t\t\t<h2 class=\"elementor-heading-title elementor-size-default\">La nostra filosofia\u2028<\/h2>\t\t\t\t<\/div>\n\t\t\t\t<\/div>\n\t\t\t\t<div class=\"elementor-element elementor-element-7c40776 elementor-widget elementor-widget-text-editor\" data-id=\"7c40776\" data-element_type=\"widget\" data-widget_type=\"text-editor.default\">\n\t\t\t\t<div class=\"elementor-widget-container\">\n\t\t\t\t\t\t\t\t\tIl nostro obiettivo \u00e8 semplice: offrire strumenti che ispirino chi li usa e che riflettano i valori di chi li sceglie. I prodotti Ogami combinano un design minimalista e raffinato con materiali all'avanguardia, come la carta Repap\u00ae. Ogni dettaglio \u00e8 pensato per chi cerca qualit\u00e0 e rispetto per il pianeta, senza compromessi.\t\t\t\t\t\t\t\t<\/div>\n\t\t\t\t<\/div>\n\t\t\t\t<\/div>\n\t\t\t\t<\/div>\n\t\t<div class=\"elementor-element elementor-element-1bf8a97 e-con-full e-flex e-con e-parent\" data-id=\"1bf8a97\" data-element_type=\"container\">\n\t\t<div class=\"elementor-element elementor-element-7a0b8b1 e-con-full e-flex e-con e-child\" data-id=\"7a0b8b1\" data-element_type=\"container\" data-settings=\"{&quot;background_background&quot;:&quot;classic&quot;}\">\n\t\t\t\t<div class=\"elementor-element elementor-element-51d3575 elementor-widget elementor-widget-heading\" data-id=\"51d3575\" data-element_type=\"widget\" data-widget_type=\"heading.default\">\n\t\t\t\t<div class=\"elementor-widget-container\">\n\t\t\t\t\t<h2 class=\"elementor-heading-title elementor-size-default\">Repap\u00ae: la carta sostenibile che rivoluziona il presente \u2028<\/h2>\t\t\t\t<\/div>\n\t\t\t\t<\/div>\n\t\t\t\t<div class=\"elementor-element elementor-element-3421903 elementor-widget elementor-widget-text-editor\" data-id=\"3421903\" data-element_type=\"widget\" data-widget_type=\"text-editor.default\">\n\t\t\t\t<div class=\"elementor-widget-container\">\n\t\t\t\t\t\t\t\t\t<p>Repap\u00ae rappresenta un'alternativa concreta alla tradizionale carta di cellulosa. \u00c8 composto per l'80% da carbonato di calcio, ottenuto da materiali di scarto della lavorazione della pietra, e per il 20% da resine atossiche. La sua produzione non richiede l'abbattimento di alberi o l'utilizzo di acqua ed \u00e8 caratterizzata da un consumo energetico e da emissioni di CO2 notevolmente ridotti.\u2028Le sue caratteristiche tecniche lo rendono unico: \u00e8 resistente allo strappo, impermeabile e vellutato al tatto. \u00c8 inoltre privo di cloro e acidi, garantendo un'esperienza di scrittura superiore, e si decompone naturalmente nell'ambiente in 14-18 mesi, confermandosi una scelta sostenibile sotto ogni punto di vista.<\/p>\t\t\t\t\t\t\t\t<\/div>\n\t\t\t\t<\/div>\n\t\t\t\t<\/div>\n\t\t<div class=\"elementor-element elementor-element-718d0fe e-con-full e-flex e-con e-child\" data-id=\"718d0fe\" data-element_type=\"container\" data-settings=\"{&quot;background_background&quot;:&quot;classic&quot;}\">\n\t\t\t\t<div class=\"elementor-element elementor-element-87c371d elementor-widget elementor-widget-spacer\" data-id=\"87c371d\" data-element_type=\"widget\" data-widget_type=\"spacer.default\">\n\t\t\t\t<div class=\"elementor-widget-container\">\n\t\t\t\t\t\t\t<div class=\"elementor-spacer\">\n\t\t\t<div class=\"elementor-spacer-inner\"><\/div>\n\t\t<\/div>\n\t\t\t\t\t\t<\/div>\n\t\t\t\t<\/div>\n\t\t\t\t<\/div>\n\t\t\t\t<\/div>\n\t\t<div class=\"elementor-element elementor-element-3cb95b8 e-flex e-con-boxed e-con e-parent\" data-id=\"3cb95b8\" data-element_type=\"container\" data-settings=\"{&quot;background_background&quot;:&quot;classic&quot;}\">\n\t\t\t\t\t<div class=\"e-con-inner\">\n\t\t<div class=\"elementor-element elementor-element-2822e95 e-con-full e-flex e-con e-child\" data-id=\"2822e95\" data-element_type=\"container\">\n\t\t\t\t<div class=\"elementor-element elementor-element-e8a8e18 elementor-widget elementor-widget-heading\" data-id=\"e8a8e18\" data-element_type=\"widget\" data-widget_type=\"heading.default\">\n\t\t\t\t<div class=\"elementor-widget-container\">\n\t\t\t\t\t<h2 class=\"elementor-heading-title elementor-size-default\">Per chi siamo?<\/h2>\t\t\t\t<\/div>\n\t\t\t\t<\/div>\n\t\t\t\t<div class=\"elementor-element elementor-element-3c0a745 elementor-widget elementor-widget-text-editor\" data-id=\"3c0a745\" data-element_type=\"widget\" data-widget_type=\"text-editor.default\">\n\t\t\t\t<div class=\"elementor-widget-container\">\n\t\t\t\t\t\t\t\t\t<p>Ogami \u00e8 pensato per chi cerca qualcosa di pi\u00f9 di un semplice taccuino. \u00c8 uno strumento per creativi, professionisti e appassionati che vogliono esprimersi senza rinunciare a un approccio consapevole. Le nostre collezioni, dalla versatilit\u00e0 della linea Quotes all'eleganza minimalista della gamma Professional, sono pensate per adattarsi a personalit\u00e0 ed esigenze diverse, sempre con lo stesso impegno per la qualit\u00e0 e la sostenibilit\u00e0.<\/p>\t\t\t\t\t\t\t\t<\/div>\n\t\t\t\t<\/div>\n\t\t\t\t<div class=\"elementor-element elementor-element-0b2f82e elementor-widget elementor-widget-text-editor\" data-id=\"0b2f82e\" data-element_type=\"widget\" data-widget_type=\"text-editor.default\">\n\t\t\t\t<div class=\"elementor-widget-container\">\n\t\t\t\t\t\t\t\t\t<p>Ogami nasce dall'idea di coniugare creativit\u00e0, sostenibilit\u00e0 e innovazione. Crediamo che, nonostante l'era digitale, scrivere su carta rimanga un gesto autentico e indispensabile. Per questo abbiamo progettato quaderni e agende che non solo offrono un'esperienza unica, ma rispettano profondamente l'ambiente.<\/p><p>Se avete domande sui nostri articoli, contattate la nostra sede di Milano: saremo lieti di spiegarvi passo dopo passo cosa rende uniche e speciali le nostre creazioni!<\/p>\t\t\t\t\t\t\t\t<\/div>\n\t\t\t\t<\/div>\n\t\t\t\t<\/div>\n\t\t\t\t\t<\/div>\n\t\t\t\t<\/div>\n\t\t<div class=\"elementor-element elementor-element-6bc166ae e-flex e-con-boxed e-con e-parent\" data-id=\"6bc166ae\" data-element_type=\"container\" data-settings=\"{&quot;background_background&quot;:&quot;classic&quot;}\">\n\t\t\t\t\t<div class=\"e-con-inner\">\n\t\t<div class=\"elementor-element elementor-element-1c688101 e-con-full e-flex e-con e-child\" data-id=\"1c688101\" data-element_type=\"container\">\n\t\t\t\t<div class=\"elementor-element elementor-element-58a47905 elementor-widget elementor-widget-image\" data-id=\"58a47905\" data-element_type=\"widget\" data-widget_type=\"image.default\">\n\t\t\t\t<div class=\"elementor-widget-container\">\n\t\t\t\t\t\t\t\t\t\t\t\t\t\t\t<img fetchpriority=\"high\" decoding=\"async\" width=\"629\" height=\"515\" src=\"https:\/\/ogamicollection.com\/wp-content\/uploads\/2025\/01\/COPERTINA-SITO-CTA-img.png\" class=\"attachment-large size-large wp-image-286\" alt=\"\" srcset=\"https:\/\/ogamicollection.com\/wp-content\/uploads\/2025\/01\/COPERTINA-SITO-CTA-img.png 629w, https:\/\/ogamicollection.com\/wp-content\/uploads\/2025\/01\/COPERTINA-SITO-CTA-img-600x491.png 600w, https:\/\/ogamicollection.com\/wp-content\/uploads\/2025\/01\/COPERTINA-SITO-CTA-img-300x246.png 300w\" sizes=\"(max-width: 629px) 100vw, 629px\" \/>\t\t\t\t\t\t\t\t\t\t\t\t\t\t\t<\/div>\n\t\t\t\t<\/div>\n\t\t\t\t<\/div>\n\t\t<div class=\"elementor-element elementor-element-6bac5002 e-con-full e-flex e-con e-child\" data-id=\"6bac5002\" data-element_type=\"container\">\n\t\t\t\t<div class=\"elementor-element elementor-element-306bc007 elementor-widget elementor-widget-text-editor\" data-id=\"306bc007\" data-element_type=\"widget\" data-widget_type=\"text-editor.default\">\n\t\t\t\t<div class=\"elementor-widget-container\">\n\t\t\t\t\t\t\t\t\t<p class=\"translation-block\">Contattaci<br>se vuoi saperne di pi\u00f9<br>su Ogami<\/p>\t\t\t\t\t\t\t\t<\/div>\n\t\t\t\t<\/div>\n\t\t\t\t<div class=\"elementor-element elementor-element-269c06c elementor-align-left elementor-mobile-align-center elementor-widget elementor-widget-button\" data-id=\"269c06c\" data-element_type=\"widget\" data-widget_type=\"button.default\">\n\t\t\t\t<div class=\"elementor-widget-container\">\n\t\t\t\t\t\t\t\t\t<div class=\"elementor-button-wrapper\">\n\t\t\t\t\t<a class=\"elementor-button elementor-button-link elementor-size-sm\" href=\"\/it\/contact\/\">\n\t\t\t\t\t\t<span class=\"elementor-button-content-wrapper\">\n\t\t\t\t\t\t<span class=\"elementor-button-icon\">\n\t\t\t\t<svg aria-hidden=\"true\" class=\"e-font-icon-svg e-fas-chevron-right\" viewbox=\"0 0 320 512\" xmlns=\"http:\/\/www.w3.org\/2000\/svg\"><path d=\"M285.476 272.971L91.132 467.314c-9.373 9.373-24.569 9.373-33.941 0l-22.667-22.667c-9.357-9.357-9.375-24.522-.04-33.901L188.505 256 34.484 101.255c-9.335-9.379-9.317-24.544.04-33.901l22.667-22.667c9.373-9.373 24.569-9.373 33.941 0L285.475 239.03c9.373 9.372 9.373 24.568.001 33.941z\"><\/path><\/svg>\t\t\t<\/span>\n\t\t\t\t\t\t\t\t\t<span class=\"elementor-button-text\">CONTATTACI<\/span>\n\t\t\t\t\t<\/span>\n\t\t\t\t\t<\/a>\n\t\t\t\t<\/div>\n\t\t\t\t\t\t\t\t<\/div>\n\t\t\t\t<\/div>\n\t\t\t\t<\/div>\n\t\t\t\t\t<\/div>\n\t\t\t\t<\/div>\n\t\t\t\t<\/div>","protected":false},"excerpt":{"rendered":"<p>OGAMI COLLECTION Our philosophy\u2028 Our goal is simple: to offer tools that inspire those who use them and that reflect the values \u200b\u200bof those who choose them. Ogami products combine a minimalist and refined design with cutting-edge materials, such as Repap\u00ae stone paper. Every detail is designed for those seeking quality and respect for the [&hellip;]<\/p>","protected":false},"author":7,"featured_media":0,"parent":0,"menu_order":0,"comment_status":"closed","ping_status":"closed","template":"","meta":{"footnotes":""},"class_list":["post-313","page","type-page","status-publish","hentry"],"yoast_head":"<!-- This site is optimized with the Yoast SEO plugin v26.0 - https:\/\/yoast.com\/wordpress\/plugins\/seo\/ -->\n<title>Stone Paper | Eco-sustainable notebooks | Milan | Ogami<\/title>\n<meta name=\"description\" content=\"Find out what is behind the Ogami philosophy: contact our Milan office to find out more about the characteristics of Repap\u00ae stone paper.\" \/>\n<meta name=\"robots\" content=\"index, follow, max-snippet:-1, max-image-preview:large, max-video-preview:-1\" \/>\n<link rel=\"canonical\" href=\"https:\/\/ogamicollection.com\/it\/about\/\" \/>\n<meta property=\"og:locale\" content=\"it_IT\" \/>\n<meta property=\"og:type\" content=\"article\" \/>\n<meta property=\"og:title\" content=\"Stone Paper | Eco-sustainable notebooks | Milan | Ogami\" \/>\n<meta property=\"og:description\" content=\"Find out what is behind the Ogami philosophy: contact our Milan office to find out more about the characteristics of Repap\u00ae stone paper.\" \/>\n<meta property=\"og:url\" content=\"https:\/\/ogamicollection.com\/it\/about\/\" \/>\n<meta property=\"og:site_name\" content=\"Ogami\" \/>\n<meta property=\"article:modified_time\" content=\"2025-06-30T09:57:18+00:00\" \/>\n<meta property=\"og:image\" content=\"https:\/\/ogamicollection.com\/wp-content\/uploads\/2025\/01\/COPERTINA-SITO-CTA-img.png\" \/>\n\t<meta property=\"og:image:width\" content=\"629\" \/>\n\t<meta property=\"og:image:height\" content=\"515\" \/>\n\t<meta property=\"og:image:type\" content=\"image\/png\" \/>\n<meta name=\"twitter:card\" content=\"summary_large_image\" \/>\n<meta name=\"twitter:label1\" content=\"Tempo di lettura stimato\" \/>\n\t<meta name=\"twitter:data1\" content=\"2 minuti\" \/>\n<script type=\"application\/ld+json\" class=\"yoast-schema-graph\">{\"@context\":\"https:\/\/schema.org\",\"@graph\":[{\"@type\":\"WebPage\",\"@id\":\"https:\/\/ogamicollection.com\/about\/\",\"url\":\"https:\/\/ogamicollection.com\/about\/\",\"name\":\"Stone Paper | Eco-sustainable notebooks | Milan | Ogami\",\"isPartOf\":{\"@id\":\"https:\/\/2332467ogamicollection.mystagingwebsite.com\/#website\"},\"primaryImageOfPage\":{\"@id\":\"https:\/\/ogamicollection.com\/about\/#primaryimage\"},\"image\":{\"@id\":\"https:\/\/ogamicollection.com\/about\/#primaryimage\"},\"thumbnailUrl\":\"https:\/\/ogamicollection.com\/wp-content\/uploads\/2025\/01\/COPERTINA-SITO-CTA-img.png\",\"datePublished\":\"2025-01-08T08:20:46+00:00\",\"dateModified\":\"2025-06-30T09:57:18+00:00\",\"description\":\"Find out what is behind the Ogami philosophy: contact our Milan office to find out more about the characteristics of Repap\u00ae stone paper.\",\"breadcrumb\":{\"@id\":\"https:\/\/ogamicollection.com\/about\/#breadcrumb\"},\"inLanguage\":\"it-IT\",\"potentialAction\":[{\"@type\":\"ReadAction\",\"target\":[\"https:\/\/ogamicollection.com\/about\/\"]}]},{\"@type\":\"ImageObject\",\"inLanguage\":\"it-IT\",\"@id\":\"https:\/\/ogamicollection.com\/about\/#primaryimage\",\"url\":\"https:\/\/ogamicollection.com\/wp-content\/uploads\/2025\/01\/COPERTINA-SITO-CTA-img.png\",\"contentUrl\":\"https:\/\/ogamicollection.com\/wp-content\/uploads\/2025\/01\/COPERTINA-SITO-CTA-img.png\"},{\"@type\":\"BreadcrumbList\",\"@id\":\"https:\/\/ogamicollection.com\/about\/#breadcrumb\",\"itemListElement\":[{\"@type\":\"ListItem\",\"position\":1,\"name\":\"Home\",\"item\":\"https:\/\/ogamicollection.com\/\"},{\"@type\":\"ListItem\",\"position\":2,\"name\":\"About\"}]},{\"@type\":\"WebSite\",\"@id\":\"https:\/\/2332467ogamicollection.mystagingwebsite.com\/#website\",\"url\":\"https:\/\/2332467ogamicollection.mystagingwebsite.com\/\",\"name\":\"Ogami\",\"description\":\"\",\"publisher\":{\"@id\":\"https:\/\/2332467ogamicollection.mystagingwebsite.com\/#organization\"},\"potentialAction\":[{\"@type\":\"SearchAction\",\"target\":{\"@type\":\"EntryPoint\",\"urlTemplate\":\"https:\/\/2332467ogamicollection.mystagingwebsite.com\/?s={search_term_string}\"},\"query-input\":{\"@type\":\"PropertyValueSpecification\",\"valueRequired\":true,\"valueName\":\"search_term_string\"}}],\"inLanguage\":\"it-IT\"},{\"@type\":\"Organization\",\"@id\":\"https:\/\/2332467ogamicollection.mystagingwebsite.com\/#organization\",\"name\":\"Ogami\",\"url\":\"https:\/\/2332467ogamicollection.mystagingwebsite.com\/\",\"logo\":{\"@type\":\"ImageObject\",\"inLanguage\":\"it-IT\",\"@id\":\"https:\/\/2332467ogamicollection.mystagingwebsite.com\/#\/schema\/logo\/image\/\",\"url\":\"https:\/\/ogamicollection.com\/wp-content\/uploads\/2024\/12\/logo-ogami.png\",\"contentUrl\":\"https:\/\/ogamicollection.com\/wp-content\/uploads\/2024\/12\/logo-ogami.png\",\"width\":321,\"height\":288,\"caption\":\"Ogami\"},\"image\":{\"@id\":\"https:\/\/2332467ogamicollection.mystagingwebsite.com\/#\/schema\/logo\/image\/\"}}]}<\/script>\n<!-- \/ Yoast SEO plugin. -->","yoast_head_json":{"title":"Stone Paper | Eco-sustainable notebooks | Milan | Ogami","description":"Find out what is behind the Ogami philosophy: contact our Milan office to find out more about the characteristics of Repap\u00ae stone paper.","robots":{"index":"index","follow":"follow","max-snippet":"max-snippet:-1","max-image-preview":"max-image-preview:large","max-video-preview":"max-video-preview:-1"},"canonical":"https:\/\/ogamicollection.com\/it\/about\/","og_locale":"it_IT","og_type":"article","og_title":"Stone Paper | Eco-sustainable notebooks | Milan | Ogami","og_description":"Find out what is behind the Ogami philosophy: contact our Milan office to find out more about the characteristics of Repap\u00ae stone paper.","og_url":"https:\/\/ogamicollection.com\/it\/about\/","og_site_name":"Ogami","article_modified_time":"2025-06-30T09:57:18+00:00","og_image":[{"width":629,"height":515,"url":"https:\/\/ogamicollection.com\/wp-content\/uploads\/2025\/01\/COPERTINA-SITO-CTA-img.png","type":"image\/png"}],"twitter_card":"summary_large_image","twitter_misc":{"Tempo di lettura stimato":"2 minuti"},"schema":{"@context":"https:\/\/schema.org","@graph":[{"@type":"WebPage","@id":"https:\/\/ogamicollection.com\/about\/","url":"https:\/\/ogamicollection.com\/about\/","name":"Stone Paper | Eco-sustainable notebooks | Milan | Ogami","isPartOf":{"@id":"https:\/\/2332467ogamicollection.mystagingwebsite.com\/#website"},"primaryImageOfPage":{"@id":"https:\/\/ogamicollection.com\/about\/#primaryimage"},"image":{"@id":"https:\/\/ogamicollection.com\/about\/#primaryimage"},"thumbnailUrl":"https:\/\/ogamicollection.com\/wp-content\/uploads\/2025\/01\/COPERTINA-SITO-CTA-img.png","datePublished":"2025-01-08T08:20:46+00:00","dateModified":"2025-06-30T09:57:18+00:00","description":"Find out what is behind the Ogami philosophy: contact our Milan office to find out more about the characteristics of Repap\u00ae stone paper.","breadcrumb":{"@id":"https:\/\/ogamicollection.com\/about\/#breadcrumb"},"inLanguage":"it-IT","potentialAction":[{"@type":"ReadAction","target":["https:\/\/ogamicollection.com\/about\/"]}]},{"@type":"ImageObject","inLanguage":"it-IT","@id":"https:\/\/ogamicollection.com\/about\/#primaryimage","url":"https:\/\/ogamicollection.com\/wp-content\/uploads\/2025\/01\/COPERTINA-SITO-CTA-img.png","contentUrl":"https:\/\/ogamicollection.com\/wp-content\/uploads\/2025\/01\/COPERTINA-SITO-CTA-img.png"},{"@type":"BreadcrumbList","@id":"https:\/\/ogamicollection.com\/about\/#breadcrumb","itemListElement":[{"@type":"ListItem","position":1,"name":"Home","item":"https:\/\/ogamicollection.com\/"},{"@type":"ListItem","position":2,"name":"About"}]},{"@type":"WebSite","@id":"https:\/\/2332467ogamicollection.mystagingwebsite.com\/#website","url":"https:\/\/2332467ogamicollection.mystagingwebsite.com\/","name":"Ogami","description":"","publisher":{"@id":"https:\/\/2332467ogamicollection.mystagingwebsite.com\/#organization"},"potentialAction":[{"@type":"SearchAction","target":{"@type":"EntryPoint","urlTemplate":"https:\/\/2332467ogamicollection.mystagingwebsite.com\/?s={search_term_string}"},"query-input":{"@type":"PropertyValueSpecification","valueRequired":true,"valueName":"search_term_string"}}],"inLanguage":"it-IT"},{"@type":"Organization","@id":"https:\/\/2332467ogamicollection.mystagingwebsite.com\/#organization","name":"Ogami","url":"https:\/\/2332467ogamicollection.mystagingwebsite.com\/","logo":{"@type":"ImageObject","inLanguage":"it-IT","@id":"https:\/\/2332467ogamicollection.mystagingwebsite.com\/#\/schema\/logo\/image\/","url":"https:\/\/ogamicollection.com\/wp-content\/uploads\/2024\/12\/logo-ogami.png","contentUrl":"https:\/\/ogamicollection.com\/wp-content\/uploads\/2024\/12\/logo-ogami.png","width":321,"height":288,"caption":"Ogami"},"image":{"@id":"https:\/\/2332467ogamicollection.mystagingwebsite.com\/#\/schema\/logo\/image\/"}}]}},"jetpack_sharing_enabled":true,"_links":{"self":[{"href":"https:\/\/ogamicollection.com\/it\/wp-json\/wp\/v2\/pages\/313","targetHints":{"allow":["GET"]}}],"collection":[{"href":"https:\/\/ogamicollection.com\/it\/wp-json\/wp\/v2\/pages"}],"about":[{"href":"https:\/\/ogamicollection.com\/it\/wp-json\/wp\/v2\/types\/page"}],"author":[{"embeddable":true,"href":"https:\/\/ogamicollection.com\/it\/wp-json\/wp\/v2\/users\/7"}],"replies":[{"embeddable":true,"href":"https:\/\/ogamicollection.com\/it\/wp-json\/wp\/v2\/comments?post=313"}],"version-history":[{"count":79,"href":"https:\/\/ogamicollection.com\/it\/wp-json\/wp\/v2\/pages\/313\/revisions"}],"predecessor-version":[{"id":2585,"href":"https:\/\/ogamicollection.com\/it\/wp-json\/wp\/v2\/pages\/313\/revisions\/2585"}],"wp:attachment":[{"href":"https:\/\/ogamicollection.com\/it\/wp-json\/wp\/v2\/media?parent=313"}],"curies":[{"name":"wp","href":"https:\/\/api.w.org\/{rel}","templated":true}]}}